{"id":19706,"date":"2020-12-07T17:07:20","date_gmt":"2020-12-07T16:07:20","guid":{"rendered":"https:\/\/swiss-beauty-and-hair-academy.ch\/pie-de-imprenta\/"},"modified":"2025-11-25T02:26:39","modified_gmt":"2025-11-25T01:26:39","slug":"pie-de-imprenta","status":"publish","type":"page","link":"https:\/\/swiss-beauty-and-hair-academy.ch\/es\/sobre-nosotros\/pie-de-imprenta\/","title":{"rendered":"Pie de imprenta"},"content":{"rendered":"\t\t<div data-elementor-type=\"wp-page\" data-elementor-id=\"19706\" class=\"elementor elementor-19706 elementor-3955\" data-elementor-post-type=\"page\">\n\t\t\t\t<div class=\"elementor-element elementor-element-632e8684 e-flex e-con-boxed e-con e-parent\" data-id=\"632e8684\" data-element_type=\"container\" data-e-type=\"container\">\n\t\t\t\t\t<div class=\"e-con-inner\">\n\t\t\t\t<div class=\"elementor-element elementor-element-24a90ace exad-sticky-section-no exad-glass-effect-no elementor-widget elementor-widget-text-editor\" data-id=\"24a90ace\" data-element_type=\"widget\" data-e-type=\"widget\" data-widget_type=\"text-editor.default\">\n\t\t\t\t\t\t\t\t\t<h2 class=\"elementor-heading-title elementor-size-default\" style=\"box-sizing: border-box; border: 0px; font-size: 25px; font-style: inherit; font-weight: 300; margin: 0px; outline: 0px; padding: 0px; vertical-align: baseline; clear: both; color: rgb(0, 0, 0); line-height: 1.3em; font-family: Helvetica, sans-serif;\">Betreiber der Webseite:<\/h2><h3><div class=\"elementor-element elementor-element-7e25823 exad-sticky-section-no exad-glass-effect-no elementor-widget elementor-widget-heading\" data-id=\"7e25823\" data-element_type=\"widget\" data-settings=\"{&quot;ekit_we_effect_on&quot;:&quot;none&quot;}\" data-widget_type=\"heading.default\" style=\"flex-basis: var(--flex-basis); flex-grow: var(--flex-grow); flex-shrink: var(--flex-shrink); order: var(--order); align-self: var(--align-self); flex-direction: var(--flex-direction); flex-wrap: var(--flex-wrap); justify-content: var(--justify-content); align-items: var(--align-items); align-content: var(--align-content); gap: var(--gap); --swiper-theme-color: #000; --swiper-navigation-size: 44px; --swiper-pagination-bullet-size: 6px; --swiper-pagination-bullet-horizontal-gap: 6px; --widgets-spacing: 20px 20px; width: 1120px; margin-block-end: 20px; color: rgb(75, 79, 88); font-family: Roboto, sans-serif; font-size: 16px; font-weight: 300;\"><div class=\"elementor-widget-container\" style=\"transition: background .3s,border .3s,border-radius .3s,box-shadow .3s,transform var(--e-transform-transition-duration,.4s);\"><\/div><\/div><div class=\"elementor-element elementor-element-40b3776 exad-sticky-section-no exad-glass-effect-no elementor-widget elementor-widget-text-editor\" data-id=\"40b3776\" data-element_type=\"widget\" data-settings=\"{&quot;ekit_we_effect_on&quot;:&quot;none&quot;}\" data-widget_type=\"text-editor.default\" style=\"flex-basis: var(--flex-basis); flex-grow: var(--flex-grow); flex-shrink: var(--flex-shrink); order: var(--order); align-self: var(--align-self); flex-direction: var(--flex-direction); flex-wrap: var(--flex-wrap); justify-content: var(--justify-content); align-items: var(--align-items); align-content: var(--align-content); gap: var(--gap); --swiper-theme-color: #000; --swiper-navigation-size: 44px; --swiper-pagination-bullet-size: 6px; --swiper-pagination-bullet-horizontal-gap: 6px; --widgets-spacing: 20px 20px; width: 1120px; margin-bottom: 20px; margin-block-end: 20px; font-family: Roboto, sans-serif; font-size: 16px; font-weight: 300;\"><div class=\"elementor-widget-container\" style=\"transition: background .3s,border .3s,border-radius .3s,box-shadow .3s,transform var(--e-transform-transition-duration,.4s);\"><p style=\"font-size: 16px;\">Swiss Education Company GmbH<\/p><p style=\"font-size: 16px;\">D\u00fcbendorfstrasse 2<\/p><p style=\"font-size: 16px;\">CH-8051 Z\u00fcrich<\/p><p style=\"font-size: 16px;\">Telefon:&nbsp;<a href=\"tel:\/\/41443401070\">044 340 10 70<\/a><\/p><p style=\"font-size: 16px;\">E-Mail:&nbsp;<a title=\"\" href=\"mailto:info@secompany.ch\" target=\"_blank\" rel=\"noopener noreferrer\">info@secompany.ch<\/a><\/p><\/div><\/div><\/h3><h2 class=\"elementor-heading-title elementor-size-default\" style=\"font-size: 25px; font-weight: 300; margin-bottom: 0px; color: rgb(0, 0, 0); font-family: Helvetica, sans-serif;\">Handelsregister-Eintrag:<\/h2><h3><div class=\"elementor-element elementor-element-1886450 exad-sticky-section-no exad-glass-effect-no elementor-widget elementor-widget-heading\" data-id=\"1886450\" data-element_type=\"widget\" data-settings=\"{&quot;ekit_we_effect_on&quot;:&quot;none&quot;}\" data-widget_type=\"heading.default\" style=\"flex-basis: var(--flex-basis); flex-grow: var(--flex-grow); flex-shrink: var(--flex-shrink); order: var(--order); align-self: var(--align-self); flex-direction: var(--flex-direction); flex-wrap: var(--flex-wrap); justify-content: var(--justify-content); align-items: var(--align-items); align-content: var(--align-content); gap: var(--gap); --swiper-theme-color: #000; --swiper-navigation-size: 44px; --swiper-pagination-bullet-size: 6px; --swiper-pagination-bullet-horizontal-gap: 6px; --widgets-spacing: 20px 20px; width: 1120px; margin-block-end: 20px; color: rgb(75, 79, 88); font-family: Roboto, sans-serif; font-size: 16px; font-weight: 300;\"><div class=\"elementor-widget-container\" style=\"transition: background .3s,border .3s,border-radius .3s,box-shadow .3s,transform var(--e-transform-transition-duration,.4s);\"><\/div><\/div><div class=\"elementor-element elementor-element-c1e7123 exad-sticky-section-no exad-glass-effect-no elementor-widget elementor-widget-text-editor\" data-id=\"c1e7123\" data-element_type=\"widget\" data-settings=\"{&quot;ekit_we_effect_on&quot;:&quot;none&quot;}\" data-widget_type=\"text-editor.default\" style=\"flex-basis: var(--flex-basis); flex-grow: var(--flex-grow); flex-shrink: var(--flex-shrink); order: var(--order); align-self: var(--align-self); flex-direction: var(--flex-direction); flex-wrap: var(--flex-wrap); justify-content: var(--justify-content); align-items: var(--align-items); align-content: var(--align-content); gap: var(--gap); --swiper-theme-color: #000; --swiper-navigation-size: 44px; --swiper-pagination-bullet-size: 6px; --swiper-pagination-bullet-horizontal-gap: 6px; --widgets-spacing: 20px 20px; width: 1120px; margin-bottom: 20px; margin-block-end: 20px; font-family: Roboto, sans-serif; font-size: 16px; font-weight: 300;\"><div class=\"elementor-widget-container\" style=\"transition: background .3s,border .3s,border-radius .3s,box-shadow .3s,transform var(--e-transform-transition-duration,.4s);\"><p style=\"font-size: 16px;\">Eingetragener Firmenname: Swiss Education Company GmbH im Handelsregister des Kantons Z\u00fcrich<br>Handelsregister Nr: UID CHE-115.673.740<\/p><\/div><\/div><\/h3><h2 class=\"elementor-heading-title elementor-size-default\" style=\"font-size: 25px; font-weight: 300; margin-bottom: 0px; color: rgb(0, 0, 0); font-family: Helvetica, sans-serif;\">Schweizerische Mehrwertsteuer-Nummer:<\/h2><h3><div class=\"elementor-element elementor-element-9954f01 exad-sticky-section-no exad-glass-effect-no elementor-widget elementor-widget-heading\" data-id=\"9954f01\" data-element_type=\"widget\" data-settings=\"{&quot;ekit_we_effect_on&quot;:&quot;none&quot;}\" data-widget_type=\"heading.default\" style=\"flex-basis: var(--flex-basis); flex-grow: var(--flex-grow); flex-shrink: var(--flex-shrink); order: var(--order); align-self: var(--align-self); flex-direction: var(--flex-direction); flex-wrap: var(--flex-wrap); justify-content: var(--justify-content); align-items: var(--align-items); align-content: var(--align-content); gap: var(--gap); --swiper-theme-color: #000; --swiper-navigation-size: 44px; --swiper-pagination-bullet-size: 6px; --swiper-pagination-bullet-horizontal-gap: 6px; --widgets-spacing: 20px 20px; width: 1120px; margin-block-end: 20px; color: rgb(75, 79, 88); font-family: Roboto, sans-serif; font-size: 16px; font-weight: 300;\"><div class=\"elementor-widget-container\" style=\"transition: background .3s,border .3s,border-radius .3s,box-shadow .3s,transform var(--e-transform-transition-duration,.4s);\"><\/div><\/div><div class=\"elementor-element elementor-element-44916f5 exad-sticky-section-no exad-glass-effect-no elementor-widget elementor-widget-text-editor\" data-id=\"44916f5\" data-element_type=\"widget\" data-settings=\"{&quot;ekit_we_effect_on&quot;:&quot;none&quot;}\" data-widget_type=\"text-editor.default\" style=\"flex-basis: var(--flex-basis); flex-grow: var(--flex-grow); flex-shrink: var(--flex-shrink); order: var(--order); align-self: var(--align-self); flex-direction: var(--flex-direction); flex-wrap: var(--flex-wrap); justify-content: var(--justify-content); align-items: var(--align-items); align-content: var(--align-content); gap: var(--gap); --swiper-theme-color: #000; --swiper-navigation-size: 44px; --swiper-pagination-bullet-size: 6px; --swiper-pagination-bullet-horizontal-gap: 6px; --widgets-spacing: 20px 20px; width: 1120px; margin-bottom: 20px; margin-block-end: 20px; font-family: Roboto, sans-serif; font-size: 16px; font-weight: 300;\"><div class=\"elementor-widget-container\" style=\"transition: background .3s,border .3s,border-radius .3s,box-shadow .3s,transform var(--e-transform-transition-duration,.4s);\"><p style=\"font-size: 16px;\">CHE-115.673.740<\/p><\/div><\/div><\/h3><h2 class=\"elementor-heading-title elementor-size-default\" style=\"font-size: 25px; font-weight: 300; margin-bottom: 0px; color: rgb(0, 0, 0); font-family: Helvetica, sans-serif;\">Web-Konzept &amp; &#8211; Design:<\/h2><h3><div class=\"elementor-element elementor-element-036f70f exad-sticky-section-no exad-glass-effect-no elementor-widget elementor-widget-heading\" data-id=\"036f70f\" data-element_type=\"widget\" data-settings=\"{&quot;ekit_we_effect_on&quot;:&quot;none&quot;}\" data-widget_type=\"heading.default\" style=\"flex-basis: var(--flex-basis); flex-grow: var(--flex-grow); flex-shrink: var(--flex-shrink); order: var(--order); align-self: var(--align-self); flex-direction: var(--flex-direction); flex-wrap: var(--flex-wrap); justify-content: var(--justify-content); align-items: var(--align-items); align-content: var(--align-content); gap: var(--gap); --swiper-theme-color: #000; --swiper-navigation-size: 44px; --swiper-pagination-bullet-size: 6px; --swiper-pagination-bullet-horizontal-gap: 6px; --widgets-spacing: 20px 20px; width: 1120px; margin-block-end: 20px; color: rgb(75, 79, 88); font-family: Roboto, sans-serif; font-size: 16px; font-weight: 300;\"><div class=\"elementor-widget-container\" style=\"transition: background .3s,border .3s,border-radius .3s,box-shadow .3s,transform var(--e-transform-transition-duration,.4s);\"><\/div><\/div><div class=\"elementor-element elementor-element-0996733 exad-sticky-section-no exad-glass-effect-no elementor-widget elementor-widget-text-editor\" data-id=\"0996733\" data-element_type=\"widget\" data-settings=\"{&quot;ekit_we_effect_on&quot;:&quot;none&quot;}\" data-widget_type=\"text-editor.default\" style=\"flex-basis: var(--flex-basis); flex-grow: var(--flex-grow); flex-shrink: var(--flex-shrink); order: var(--order); align-self: var(--align-self); flex-direction: var(--flex-direction); flex-wrap: var(--flex-wrap); justify-content: var(--justify-content); align-items: var(--align-items); align-content: var(--align-content); gap: var(--gap); --swiper-theme-color: #000; --swiper-navigation-size: 44px; --swiper-pagination-bullet-size: 6px; --swiper-pagination-bullet-horizontal-gap: 6px; --widgets-spacing: 20px 20px; width: 1120px; margin-bottom: 20px; margin-block-end: 20px; font-family: Roboto, sans-serif; font-size: 16px; font-weight: 300;\"><div class=\"elementor-widget-container\" style=\"transition: background .3s,border .3s,border-radius .3s,box-shadow .3s,transform var(--e-transform-transition-duration,.4s);\"><p style=\"font-size: 16px;\"><a href=\"https:\/\/swiss-business-excellence.ch\/\">Swiss-Business-Excellence GmbH<\/a><\/p><\/div><\/div><\/h3><h2 class=\"elementor-heading-title elementor-size-default\" style=\"font-size: 25px; font-weight: 300; margin-bottom: 0px; color: rgb(0, 0, 0); font-family: Helvetica, sans-serif;\">Copyright:<\/h2><h3><div class=\"elementor-element elementor-element-798e9d0 exad-sticky-section-no exad-glass-effect-no elementor-widget elementor-widget-heading\" data-id=\"798e9d0\" data-element_type=\"widget\" data-settings=\"{&quot;ekit_we_effect_on&quot;:&quot;none&quot;}\" data-widget_type=\"heading.default\" style=\"flex-basis: var(--flex-basis); flex-grow: var(--flex-grow); flex-shrink: var(--flex-shrink); order: var(--order); align-self: var(--align-self); flex-direction: var(--flex-direction); flex-wrap: var(--flex-wrap); justify-content: var(--justify-content); align-items: var(--align-items); align-content: var(--align-content); gap: var(--gap); --swiper-theme-color: #000; --swiper-navigation-size: 44px; --swiper-pagination-bullet-size: 6px; --swiper-pagination-bullet-horizontal-gap: 6px; --widgets-spacing: 20px 20px; width: 1120px; margin-block-end: 20px; color: rgb(75, 79, 88); font-family: Roboto, sans-serif; font-size: 16px; font-weight: 300;\"><div class=\"elementor-widget-container\" style=\"transition: background .3s,border .3s,border-radius .3s,box-shadow .3s,transform var(--e-transform-transition-duration,.4s);\"><\/div><\/div><div class=\"elementor-element elementor-element-e7968e1 exad-sticky-section-no exad-glass-effect-no elementor-widget elementor-widget-text-editor\" data-id=\"e7968e1\" data-element_type=\"widget\" data-settings=\"{&quot;ekit_we_effect_on&quot;:&quot;none&quot;}\" data-widget_type=\"text-editor.default\" style=\"flex-basis: var(--flex-basis); flex-grow: var(--flex-grow); flex-shrink: var(--flex-shrink); order: var(--order); align-self: var(--align-self); flex-direction: var(--flex-direction); flex-wrap: var(--flex-wrap); justify-content: var(--justify-content); align-items: var(--align-items); align-content: var(--align-content); gap: var(--gap); --swiper-theme-color: #000; --swiper-navigation-size: 44px; --swiper-pagination-bullet-size: 6px; --swiper-pagination-bullet-horizontal-gap: 6px; --widgets-spacing: 20px 20px; width: 1120px; margin-bottom: 20px; margin-block-end: 20px; font-family: Roboto, sans-serif; font-size: 16px; font-weight: 300;\"><div class=\"elementor-widget-container\" style=\"transition: background .3s,border .3s,border-radius .3s,box-shadow .3s,transform var(--e-transform-transition-duration,.4s);\"><p style=\"font-size: 16px;\">Diese Website und alle dazugeh\u00f6rigen Texte, Grafiken und andere Materialien sind urheberrechtlich gesch\u00fctzt. Jegliche Verwendung ohne vorherige schriftliche Zustimmung durch Swiss Education Company GmbH ist nicht gestattet.<\/p><\/div><\/div><\/h3><h2 class=\"elementor-heading-title elementor-size-default\" style=\"font-size: 25px; font-weight: 300; margin-bottom: 0px; color: rgb(0, 0, 0); font-family: Helvetica, sans-serif;\">Haftungsausschluss:<\/h2><h3><div class=\"elementor-element elementor-element-d2ff2fd exad-sticky-section-no exad-glass-effect-no elementor-widget elementor-widget-heading\" data-id=\"d2ff2fd\" data-element_type=\"widget\" data-settings=\"{&quot;ekit_we_effect_on&quot;:&quot;none&quot;}\" data-widget_type=\"heading.default\" style=\"flex-basis: var(--flex-basis); flex-grow: var(--flex-grow); flex-shrink: var(--flex-shrink); order: var(--order); align-self: var(--align-self); flex-direction: var(--flex-direction); flex-wrap: var(--flex-wrap); justify-content: var(--justify-content); align-items: var(--align-items); align-content: var(--align-content); gap: var(--gap); --swiper-theme-color: #000; --swiper-navigation-size: 44px; --swiper-pagination-bullet-size: 6px; --swiper-pagination-bullet-horizontal-gap: 6px; --widgets-spacing: 20px 20px; width: 1120px; margin-block-end: 20px; color: rgb(75, 79, 88); font-family: Roboto, sans-serif; font-size: 16px; font-weight: 300;\"><div class=\"elementor-widget-container\" style=\"transition: background .3s,border .3s,border-radius .3s,box-shadow .3s,transform var(--e-transform-transition-duration,.4s);\"><\/div><\/div><div class=\"elementor-element elementor-element-b2304a4 exad-sticky-section-no exad-glass-effect-no elementor-widget elementor-widget-text-editor\" data-id=\"b2304a4\" data-element_type=\"widget\" data-settings=\"{&quot;ekit_we_effect_on&quot;:&quot;none&quot;}\" data-widget_type=\"text-editor.default\" style=\"flex-basis: var(--flex-basis); flex-grow: var(--flex-grow); flex-shrink: var(--flex-shrink); order: var(--order); align-self: var(--align-self); flex-direction: var(--flex-direction); flex-wrap: var(--flex-wrap); justify-content: var(--justify-content); align-items: var(--align-items); align-content: var(--align-content); gap: var(--gap); --swiper-theme-color: #000; --swiper-navigation-size: 44px; --swiper-pagination-bullet-size: 6px; --swiper-pagination-bullet-horizontal-gap: 6px; --widgets-spacing: 20px 20px; width: 1120px; font-family: Roboto, sans-serif; font-size: 16px; font-weight: 300;\"><div class=\"elementor-widget-container\" style=\"transition: background .3s,border .3s,border-radius .3s,box-shadow .3s,transform var(--e-transform-transition-duration,.4s);\"><p style=\"font-size: 16px;\">Der Inhalt dieser Webseiten wird mit gr\u00f6sstm\u00f6glicher Sorgfalt gepflegt. Trotzdem wird f\u00fcr den Inhalt keine Haftung \u00fcbernommen. Druckfehler, Irrt\u00fcmer und \u00c4nderungen vorbehalten. F\u00fcr die Inhalte externer Links \u00fcbernehmen wir keine Haftung. F\u00fcr den Inhalt der verlinkten Seiten sind ausschliesslich deren Betreiber verantwortlich.<\/p><\/div><\/div><\/h3>\t\t\t\t\t\t\t\t<\/div>\n\t\t\t\t\t<\/div>\n\t\t\t\t<\/div>\n\t\t\t\t<\/div>\n\t\t","protected":false},"excerpt":{"rendered":"<p>Operador del sitio web: Swiss Education Company GmbH D\u00fcbendorfstrasse 2 CH-8051 Z\u00farich Tel\u00e9fono: 044 340 10 70 Correo electr\u00f3nico: info@secompany.ch &nbsp; Inscripci\u00f3n en el registro mercantil: Denominaci\u00f3n social: Swiss Education Company GmbH en el Registro Mercantil del Cant\u00f3n de Z\u00farich N\u00famero de registro mercantil: UID CHE-115.673.740 &nbsp; N\u00famero del impuesto sobre el valor a\u00f1adido suizo: [&hellip;]<\/p>\n","protected":false},"author":1,"featured_media":0,"parent":9925,"menu_order":0,"comment_status":"closed","ping_status":"closed","template":"","meta":{"_seopress_robots_primary_cat":"","_seopress_titles_title":"","_seopress_titles_desc":"","_seopress_robots_index":"yes","site-sidebar-layout":"default","site-content-layout":"","ast-site-content-layout":"default","site-content-style":"default","site-sidebar-style":"default","ast-global-header-display":"","ast-banner-title-visibility":"","ast-main-header-display":"","ast-hfb-above-header-display":"","ast-hfb-below-header-display":"","ast-hfb-mobile-header-display":"","site-post-title":"","ast-breadcrumbs-content":"","ast-featured-img":"","footer-sml-layout":"","ast-disable-related-posts":"","theme-transparent-header-meta":"","adv-header-id-meta":"","stick-header-meta":"","header-above-stick-meta":"","header-main-stick-meta":"","header-below-stick-meta":"","astra-migrate-meta-layouts":"default","ast-page-background-enabled":"default","ast-page-background-meta":{"desktop":{"background-color":"var(--ast-global-color-4)","background-image":"","background-repeat":"repeat","background-position":"center center","background-size":"auto","background-attachment":"scroll","background-type":"","background-media":"","overlay-type":"","overlay-color":"","overlay-opacity":"","overlay-gradient":""},"tablet":{"background-color":"","background-image":"","background-repeat":"repeat","background-position":"center center","background-size":"auto","background-attachment":"scroll","background-type":"","background-media":"","overlay-type":"","overlay-color":"","overlay-opacity":"","overlay-gradient":""},"mobile":{"background-color":"","background-image":"","background-repeat":"repeat","background-position":"center center","background-size":"auto","background-attachment":"scroll","background-type":"","background-media":"","overlay-type":"","overlay-color":"","overlay-opacity":"","overlay-gradient":""}},"ast-content-background-meta":{"desktop":{"background-color":"var(--ast-global-color-5)","background-image":"","background-repeat":"repeat","background-position":"center center","background-size":"auto","background-attachment":"scroll","background-type":"","background-media":"","overlay-type":"","overlay-color":"","overlay-opacity":"","overlay-gradient":""},"tablet":{"background-color":"var(--ast-global-color-5)","background-image":"","background-repeat":"repeat","background-position":"center center","background-size":"auto","background-attachment":"scroll","background-type":"","background-media":"","overlay-type":"","overlay-color":"","overlay-opacity":"","overlay-gradient":""},"mobile":{"background-color":"var(--ast-global-color-5)","background-image":"","background-repeat":"repeat","background-position":"center center","background-size":"auto","background-attachment":"scroll","background-type":"","background-media":"","overlay-type":"","overlay-color":"","overlay-opacity":"","overlay-gradient":""}},"_metasync_otto_title":"","_metasync_otto_description":"","_metasync_otto_keywords":"","_metasync_otto_og_title":"","_metasync_otto_og_description":"","_metasync_otto_twitter_title":"","_metasync_otto_twitter_description":"","rank_math_title":"","rank_math_description":"","_yoast_wpseo_title":"","_yoast_wpseo_metadesc":"","_aioseo_title":"","_aioseo_description":"","_metasync_seo_title":"","_metasync_seo_desc":"","_metasync_breadcrumb_title":"","_metasync_primary_category":0,"_metasync_primary_product_cat":0,"_metasync_otto_disabled":"","_metasync_hreflang":"","footnotes":""},"class_list":["post-19706","page","type-page","status-publish","hentry"],"_links":{"self":[{"href":"https:\/\/swiss-beauty-and-hair-academy.ch\/es\/wp-json\/wp\/v2\/pages\/19706","targetHints":{"allow":["GET"]}}],"collection":[{"href":"https:\/\/swiss-beauty-and-hair-academy.ch\/es\/wp-json\/wp\/v2\/pages"}],"about":[{"href":"https:\/\/swiss-beauty-and-hair-academy.ch\/es\/wp-json\/wp\/v2\/types\/page"}],"author":[{"embeddable":true,"href":"https:\/\/swiss-beauty-and-hair-academy.ch\/es\/wp-json\/wp\/v2\/users\/1"}],"replies":[{"embeddable":true,"href":"https:\/\/swiss-beauty-and-hair-academy.ch\/es\/wp-json\/wp\/v2\/comments?post=19706"}],"version-history":[{"count":0,"href":"https:\/\/swiss-beauty-and-hair-academy.ch\/es\/wp-json\/wp\/v2\/pages\/19706\/revisions"}],"up":[{"embeddable":true,"href":"https:\/\/swiss-beauty-and-hair-academy.ch\/es\/wp-json\/wp\/v2\/pages\/9925"}],"wp:attachment":[{"href":"https:\/\/swiss-beauty-and-hair-academy.ch\/es\/wp-json\/wp\/v2\/media?parent=19706"}],"curies":[{"name":"wp","href":"https:\/\/api.w.org\/{rel}","templated":true}]}}