{"id":35544,"date":"2024-05-19T23:50:45","date_gmt":"2024-05-19T22:50:45","guid":{"rendered":"https:\/\/swiss-beauty-and-hair-academy.ch\/?page_id=35544"},"modified":"2025-11-25T00:43:42","modified_gmt":"2025-11-24T23:43:42","slug":"escola-de-cabeleireiro-cursos","status":"publish","type":"page","link":"https:\/\/swiss-beauty-and-hair-academy.ch\/pt\/escola-de-cabeleireiro-cursos\/","title":{"rendered":"Escola De Cabeleireiro Cursos"},"content":{"rendered":"\t\t<div data-elementor-type=\"wp-page\" data-elementor-id=\"35544\" class=\"elementor elementor-35544 elementor-29246\" data-elementor-post-type=\"page\">\n\t\t\t\t\t\t<section class=\"elementor-section elementor-top-section elementor-element elementor-element-a94d026 elementor-section-height-min-height elementor-section-boxed elementor-section-height-default elementor-section-items-middle exad-glass-effect-no exad-sticky-section-no\" data-id=\"a94d026\" data-element_type=\"section\" data-e-type=\"section\" data-settings=\"{&quot;background_background&quot;:&quot;classic&quot;}\">\n\t\t\t\t\t\t\t<div class=\"elementor-background-overlay\"><\/div>\n\t\t\t\t\t\t\t<div class=\"elementor-container elementor-column-gap-default\">\n\t\t\t\t\t<div class=\"elementor-column elementor-col-100 elementor-top-column elementor-element elementor-element-9245f55 exad-glass-effect-no exad-sticky-section-no\" data-id=\"9245f55\" data-element_type=\"column\" data-e-type=\"column\">\n\t\t\t<div class=\"elementor-widget-wrap elementor-element-populated\">\n\t\t\t\t\t\t<div class=\"elementor-element elementor-element-69d70ca exad-sticky-section-no exad-glass-effect-no elementor-widget elementor-widget-heading\" data-id=\"69d70ca\" data-element_type=\"widget\" data-e-type=\"widget\" data-widget_type=\"heading.default\">\n\t\t\t\t\t<h1 class=\"elementor-heading-title elementor-size-default\">Escola De Cabeleireiro Cursos<\/h1>\t\t\t\t<\/div>\n\t\t\t\t\t<\/div>\n\t\t<\/div>\n\t\t\t\t\t<\/div>\n\t\t<\/section>\n\t\t<div class=\"elementor-element elementor-element-f0b1b3f e-flex e-con-boxed e-con e-parent\" data-id=\"f0b1b3f\" data-element_type=\"container\" data-e-type=\"container\">\n\t\t\t\t\t<div class=\"e-con-inner\">\n\t\t<div class=\"elementor-element elementor-element-34dcb19 e-con-full e-flex e-con e-child\" data-id=\"34dcb19\" data-element_type=\"container\" data-e-type=\"container\">\n\t\t<div class=\"elementor-element elementor-element-2373dbc e-flex e-con-boxed e-con e-child\" data-id=\"2373dbc\" data-element_type=\"container\" data-e-type=\"container\">\n\t\t\t\t\t<div class=\"e-con-inner\">\n\t\t\t\t<div class=\"elementor-element elementor-element-3ce4525 exad-sticky-section-no exad-glass-effect-no elementor-widget elementor-widget-image\" data-id=\"3ce4525\" data-element_type=\"widget\" data-e-type=\"widget\" data-widget_type=\"image.default\">\n\t\t\t\t\t\t\t\t\t\t\t\t\t\t\t<img alt=\"\" fetchpriority=\"high\" decoding=\"async\" width=\"554\" height=\"500\" src=\"https:\/\/swiss-beauty-and-hair-academy.ch\/wp-content\/uploads\/2023\/06\/Coiffeurausbildung-im-Damen-und-Herrenfach-1-e1691763308514.jpg\" class=\"attachment-full size-full wp-image-25814\" alt=\"\" srcset=\"https:\/\/swiss-beauty-and-hair-academy.ch\/wp-content\/uploads\/2023\/06\/Coiffeurausbildung-im-Damen-und-Herrenfach-1-e1691763308514.jpg 554w, https:\/\/swiss-beauty-and-hair-academy.ch\/wp-content\/uploads\/2023\/06\/Coiffeurausbildung-im-Damen-und-Herrenfach-1-e1691763308514-300x271.jpg 300w\" sizes=\"(max-width: 554px) 100vw, 554px\" \/>\t\t\t\t\t\t\t\t\t\t\t\t\t\t\t<\/div>\n\t\t\t\t<div class=\"elementor-element elementor-element-bb87134 exad-sticky-section-no exad-glass-effect-no elementor-widget elementor-widget-heading\" data-id=\"bb87134\" data-element_type=\"widget\" data-e-type=\"widget\" data-widget_type=\"heading.default\">\n\t\t\t\t\t<h2 class=\"elementor-heading-title elementor-size-default\">Forma\u00e7\u00e3o de cabeleireiro 1\u00ba semestre<\/h2>\t\t\t\t<\/div>\n\t\t\t\t<div class=\"elementor-element elementor-element-af20e65 elementor-align-center exad-sticky-section-no exad-glass-effect-no elementor-widget elementor-widget-elementskit-button\" data-id=\"af20e65\" data-element_type=\"widget\" data-e-type=\"widget\" data-widget_type=\"elementskit-button.default\">\n\t\t\t\t\t<div class=\"ekit-wid-con\" >\t\t<div class=\"ekit-btn-wraper\">\n\t\t\t\t\t\t\t<a href=\"https:\/\/swiss-beauty-and-hair-academy.ch\/pt\/formacao-de-cabeleireiro-1o-semestre\/\" class=\"elementskit-btn  whitespace--normal\" id=\"\">\n\t\t\t\t\tSelecionar vers\u00e3o\t\t\t\t<\/a>\n\t\t\t\t\t<\/div>\n        <\/div>\t\t\t\t<\/div>\n\t\t\t\t\t<\/div>\n\t\t\t\t<\/div>\n\t\t<div class=\"elementor-element elementor-element-315a4a4 e-flex e-con-boxed e-con e-child\" data-id=\"315a4a4\" data-element_type=\"container\" data-e-type=\"container\">\n\t\t\t\t\t<div class=\"e-con-inner\">\n\t\t\t\t<div class=\"elementor-element elementor-element-1981310 exad-sticky-section-no exad-glass-effect-no elementor-widget elementor-widget-image\" data-id=\"1981310\" data-element_type=\"widget\" data-e-type=\"widget\" data-widget_type=\"image.default\">\n\t\t\t\t\t\t\t\t\t\t\t\t\t\t\t<img alt=\"\" decoding=\"async\" width=\"1875\" height=\"1708\" src=\"https:\/\/swiss-beauty-and-hair-academy.ch\/wp-content\/uploads\/2023\/06\/51259663_l-scaled-1-1-1-1-1-e1691762620156.jpg\" class=\"attachment-full size-full wp-image-26743\" alt=\"\" srcset=\"https:\/\/swiss-beauty-and-hair-academy.ch\/wp-content\/uploads\/2023\/06\/51259663_l-scaled-1-1-1-1-1-e1691762620156.jpg 1875w, https:\/\/swiss-beauty-and-hair-academy.ch\/wp-content\/uploads\/2023\/06\/51259663_l-scaled-1-1-1-1-1-e1691762620156-600x547.jpg 600w, https:\/\/swiss-beauty-and-hair-academy.ch\/wp-content\/uploads\/2023\/06\/51259663_l-scaled-1-1-1-1-1-e1691762620156-300x273.jpg 300w, https:\/\/swiss-beauty-and-hair-academy.ch\/wp-content\/uploads\/2023\/06\/51259663_l-scaled-1-1-1-1-1-e1691762620156-1024x933.jpg 1024w, https:\/\/swiss-beauty-and-hair-academy.ch\/wp-content\/uploads\/2023\/06\/51259663_l-scaled-1-1-1-1-1-e1691762620156-768x700.jpg 768w, https:\/\/swiss-beauty-and-hair-academy.ch\/wp-content\/uploads\/2023\/06\/51259663_l-scaled-1-1-1-1-1-e1691762620156-1536x1399.jpg 1536w\" sizes=\"(max-width: 1875px) 100vw, 1875px\" \/>\t\t\t\t\t\t\t\t\t\t\t\t\t\t\t<\/div>\n\t\t\t\t<div class=\"elementor-element elementor-element-d3c825f exad-sticky-section-no exad-glass-effect-no elementor-widget elementor-widget-heading\" data-id=\"d3c825f\" data-element_type=\"widget\" data-e-type=\"widget\" data-widget_type=\"heading.default\">\n\t\t\t\t\t<h2 class=\"elementor-heading-title elementor-size-default\">Curso de Barbeiro PT<\/h2>\t\t\t\t<\/div>\n\t\t\t\t<div class=\"elementor-element elementor-element-2cb797c elementor-align-center exad-sticky-section-no exad-glass-effect-no elementor-widget elementor-widget-elementskit-button\" data-id=\"2cb797c\" data-element_type=\"widget\" data-e-type=\"widget\" data-widget_type=\"elementskit-button.default\">\n\t\t\t\t\t<div class=\"ekit-wid-con\" >\t\t<div class=\"ekit-btn-wraper\">\n\t\t\t\t\t\t\t<a href=\"https:\/\/swiss-beauty-and-hair-academy.ch\/pt\/curso-de-barbeiro\/\" class=\"elementskit-btn  whitespace--normal\" id=\"\">\n\t\t\t\t\tSelecionar vers\u00e3o\t\t\t\t<\/a>\n\t\t\t\t\t<\/div>\n        <\/div>\t\t\t\t<\/div>\n\t\t\t\t\t<\/div>\n\t\t\t\t<\/div>\n\t\t<div class=\"elementor-element elementor-element-d8eab04 e-flex e-con-boxed e-con e-child\" data-id=\"d8eab04\" data-element_type=\"container\" data-e-type=\"container\">\n\t\t\t\t\t<div class=\"e-con-inner\">\n\t\t\t\t<div class=\"elementor-element elementor-element-87caf6e exad-sticky-section-no exad-glass-effect-no elementor-widget elementor-widget-image\" data-id=\"87caf6e\" data-element_type=\"widget\" data-e-type=\"widget\" data-widget_type=\"image.default\">\n\t\t\t\t\t\t\t\t\t\t\t\t\t\t\t<img alt=\"\" decoding=\"async\" width=\"1150\" height=\"1150\" src=\"https:\/\/swiss-beauty-and-hair-academy.ch\/wp-content\/uploads\/2023\/05\/Farbkorrektur-img-1.jpg\" class=\"attachment-full size-full wp-image-25344\" alt=\"\" srcset=\"https:\/\/swiss-beauty-and-hair-academy.ch\/wp-content\/uploads\/2023\/05\/Farbkorrektur-img-1.jpg 1150w, https:\/\/swiss-beauty-and-hair-academy.ch\/wp-content\/uploads\/2023\/05\/Farbkorrektur-img-1-300x300.jpg 300w, https:\/\/swiss-beauty-and-hair-academy.ch\/wp-content\/uploads\/2023\/05\/Farbkorrektur-img-1-100x100.jpg 100w, https:\/\/swiss-beauty-and-hair-academy.ch\/wp-content\/uploads\/2023\/05\/Farbkorrektur-img-1-600x600.jpg 600w, https:\/\/swiss-beauty-and-hair-academy.ch\/wp-content\/uploads\/2023\/05\/Farbkorrektur-img-1-1024x1024.jpg 1024w, https:\/\/swiss-beauty-and-hair-academy.ch\/wp-content\/uploads\/2023\/05\/Farbkorrektur-img-1-150x150.jpg 150w, https:\/\/swiss-beauty-and-hair-academy.ch\/wp-content\/uploads\/2023\/05\/Farbkorrektur-img-1-768x768.jpg 768w\" sizes=\"(max-width: 1150px) 100vw, 1150px\" \/>\t\t\t\t\t\t\t\t\t\t\t\t\t\t\t<\/div>\n\t\t\t\t<div class=\"elementor-element elementor-element-db6ba70 exad-sticky-section-no exad-glass-effect-no elementor-widget elementor-widget-heading\" data-id=\"db6ba70\" data-element_type=\"widget\" data-e-type=\"widget\" data-widget_type=\"heading.default\">\n\t\t\t\t\t<h2 class=\"elementor-heading-title elementor-size-default\">Workshop de Balayage<\/h2>\t\t\t\t<\/div>\n\t\t\t\t<div class=\"elementor-element elementor-element-65660c7 elementor-align-center exad-sticky-section-no exad-glass-effect-no elementor-widget elementor-widget-elementskit-button\" data-id=\"65660c7\" data-element_type=\"widget\" data-e-type=\"widget\" data-widget_type=\"elementskit-button.default\">\n\t\t\t\t\t<div class=\"ekit-wid-con\" >\t\t<div class=\"ekit-btn-wraper\">\n\t\t\t\t\t\t\t<a href=\"https:\/\/swiss-beauty-and-hair-academy.ch\/pt\/workshop-de-balayage\/\" class=\"elementskit-btn  whitespace--normal\" id=\"\">\n\t\t\t\t\tSelecionar vers\u00e3o\t\t\t\t<\/a>\n\t\t\t\t\t<\/div>\n        <\/div>\t\t\t\t<\/div>\n\t\t\t\t\t<\/div>\n\t\t\t\t<\/div>\n\t\t<div class=\"elementor-element elementor-element-29b2912 e-flex e-con-boxed e-con e-child\" data-id=\"29b2912\" data-element_type=\"container\" data-e-type=\"container\">\n\t\t\t\t\t<div class=\"e-con-inner\">\n\t\t\t\t<div class=\"elementor-element elementor-element-00aab09 exad-sticky-section-no exad-glass-effect-no elementor-widget elementor-widget-image\" data-id=\"00aab09\" data-element_type=\"widget\" data-e-type=\"widget\" data-widget_type=\"image.default\">\n\t\t\t\t\t\t\t\t\t\t\t\t\t\t\t<img alt=\"\" loading=\"lazy\" decoding=\"async\" width=\"1200\" height=\"1073\" src=\"https:\/\/swiss-beauty-and-hair-academy.ch\/wp-content\/uploads\/2023\/06\/Cours-1.jpg\" class=\"attachment-full size-full wp-image-25917\" alt=\"\" srcset=\"https:\/\/swiss-beauty-and-hair-academy.ch\/wp-content\/uploads\/2023\/06\/Cours-1.jpg 1200w, https:\/\/swiss-beauty-and-hair-academy.ch\/wp-content\/uploads\/2023\/06\/Cours-1-600x537.jpg 600w, https:\/\/swiss-beauty-and-hair-academy.ch\/wp-content\/uploads\/2023\/06\/Cours-1-300x268.jpg 300w, https:\/\/swiss-beauty-and-hair-academy.ch\/wp-content\/uploads\/2023\/06\/Cours-1-1024x916.jpg 1024w, https:\/\/swiss-beauty-and-hair-academy.ch\/wp-content\/uploads\/2023\/06\/Cours-1-768x687.jpg 768w\" sizes=\"(max-width: 1200px) 100vw, 1200px\" \/>\t\t\t\t\t\t\t\t\t\t\t\t\t\t\t<\/div>\n\t\t\t\t<div class=\"elementor-element elementor-element-bcef832 exad-sticky-section-no exad-glass-effect-no elementor-widget elementor-widget-heading\" data-id=\"bcef832\" data-element_type=\"widget\" data-e-type=\"widget\" data-widget_type=\"heading.default\">\n\t\t\t\t\t<h2 class=\"elementor-heading-title elementor-size-default\">Curso de revis\u00e3o de cabeleireiro<\/h2>\t\t\t\t<\/div>\n\t\t\t\t<div class=\"elementor-element elementor-element-584c4fc elementor-align-center exad-sticky-section-no exad-glass-effect-no elementor-widget elementor-widget-elementskit-button\" data-id=\"584c4fc\" data-element_type=\"widget\" data-e-type=\"widget\" data-widget_type=\"elementskit-button.default\">\n\t\t\t\t\t<div class=\"ekit-wid-con\" >\t\t<div class=\"ekit-btn-wraper\">\n\t\t\t\t\t\t\t<a href=\"https:\/\/swiss-beauty-and-hair-academy.ch\/pt\/curso-de-reciclagem-de-cabeleireiro\/\" class=\"elementskit-btn  whitespace--normal\" id=\"\">\n\t\t\t\t\tSelecionar vers\u00e3o\t\t\t\t<\/a>\n\t\t\t\t\t<\/div>\n        <\/div>\t\t\t\t<\/div>\n\t\t\t\t\t<\/div>\n\t\t\t\t<\/div>\n\t\t\t\t<\/div>\n\t\t\t\t\t<\/div>\n\t\t\t\t<\/div>\n\t\t\t\t<\/div>\n\t\t","protected":false},"excerpt":{"rendered":"<p>Escola De Cabeleireiro Cursos Selecionar vers\u00e3o Selecionar vers\u00e3o Workshop de Balayage Selecionar vers\u00e3o Selecionar vers\u00e3o<\/p>\n","protected":false},"author":16,"featured_media":0,"parent":0,"menu_order":0,"comment_status":"closed","ping_status":"closed","template":"","meta":{"_seopress_robots_primary_cat":"","_seopress_titles_title":"","_seopress_titles_desc":"","_seopress_robots_index":"","site-sidebar-layout":"no-sidebar","site-content-layout":"page-builder","ast-site-content-layout":"full-width-container","site-content-style":"default","site-sidebar-style":"default","ast-global-header-display":"","ast-banner-title-visibility":"","ast-main-header-display":"","ast-hfb-above-header-display":"","ast-hfb-below-header-display":"","ast-hfb-mobile-header-display":"","site-post-title":"","ast-breadcrumbs-content":"","ast-featured-img":"disabled","footer-sml-layout":"","ast-disable-related-posts":"","theme-transparent-header-meta":"default","adv-header-id-meta":"","stick-header-meta":"","header-above-stick-meta":"","header-main-stick-meta":"","header-below-stick-meta":"","astra-migrate-meta-layouts":"set","ast-page-background-enabled":"default","ast-page-background-meta":{"desktop":{"background-color":"var(--ast-global-color-4)","background-image":"","background-repeat":"repeat","background-position":"center center","background-size":"auto","background-attachment":"scroll","background-type":"","background-media":"","overlay-type":"","overlay-color":"","overlay-opacity":"","overlay-gradient":""},"tablet":{"background-color":"","background-image":"","background-repeat":"repeat","background-position":"center center","background-size":"auto","background-attachment":"scroll","background-type":"","background-media":"","overlay-type":"","overlay-color":"","overlay-opacity":"","overlay-gradient":""},"mobile":{"background-color":"","background-image":"","background-repeat":"repeat","background-position":"center center","background-size":"auto","background-attachment":"scroll","background-type":"","background-media":"","overlay-type":"","overlay-color":"","overlay-opacity":"","overlay-gradient":""}},"ast-content-background-meta":{"desktop":{"background-color":"var(--ast-global-color-5)","background-image":"","background-repeat":"repeat","background-position":"center center","background-size":"auto","background-attachment":"scroll","background-type":"","background-media":"","overlay-type":"","overlay-color":"","overlay-opacity":"","overlay-gradient":""},"tablet":{"background-color":"var(--ast-global-color-5)","background-image":"","background-repeat":"repeat","background-position":"center center","background-size":"auto","background-attachment":"scroll","background-type":"","background-media":"","overlay-type":"","overlay-color":"","overlay-opacity":"","overlay-gradient":""},"mobile":{"background-color":"var(--ast-global-color-5)","background-image":"","background-repeat":"repeat","background-position":"center center","background-size":"auto","background-attachment":"scroll","background-type":"","background-media":"","overlay-type":"","overlay-color":"","overlay-opacity":"","overlay-gradient":""}},"_metasync_otto_title":"","_metasync_otto_description":"","_metasync_otto_keywords":"","_metasync_otto_og_title":"","_metasync_otto_og_description":"","_metasync_otto_twitter_title":"","_metasync_otto_twitter_description":"","rank_math_title":"","rank_math_description":"","_yoast_wpseo_title":"","_yoast_wpseo_metadesc":"","_aioseo_title":"","_aioseo_description":"","_metasync_seo_title":"","_metasync_seo_desc":"","_metasync_primary_product_cat":0,"_metasync_otto_disabled":"","_metasync_breadcrumb_title":"","_metasync_primary_category":0,"footnotes":""},"class_list":["post-35544","page","type-page","status-publish","hentry"],"_links":{"self":[{"href":"https:\/\/swiss-beauty-and-hair-academy.ch\/pt\/wp-json\/wp\/v2\/pages\/35544","targetHints":{"allow":["GET"]}}],"collection":[{"href":"https:\/\/swiss-beauty-and-hair-academy.ch\/pt\/wp-json\/wp\/v2\/pages"}],"about":[{"href":"https:\/\/swiss-beauty-and-hair-academy.ch\/pt\/wp-json\/wp\/v2\/types\/page"}],"author":[{"embeddable":true,"href":"https:\/\/swiss-beauty-and-hair-academy.ch\/pt\/wp-json\/wp\/v2\/users\/16"}],"replies":[{"embeddable":true,"href":"https:\/\/swiss-beauty-and-hair-academy.ch\/pt\/wp-json\/wp\/v2\/comments?post=35544"}],"version-history":[{"count":0,"href":"https:\/\/swiss-beauty-and-hair-academy.ch\/pt\/wp-json\/wp\/v2\/pages\/35544\/revisions"}],"wp:attachment":[{"href":"https:\/\/swiss-beauty-and-hair-academy.ch\/pt\/wp-json\/wp\/v2\/media?parent=35544"}],"curies":[{"name":"wp","href":"https:\/\/api.w.org\/{rel}","templated":true}]}}